{"id":295,"date":"2026-05-08T14:14:42","date_gmt":"2026-05-08T12:14:42","guid":{"rendered":"https:\/\/ora-valencia.es\/ocupacio-predictiva-per-a-residents\/"},"modified":"2026-05-08T14:48:28","modified_gmt":"2026-05-08T12:48:28","slug":"ocupacio-predictiva-per-a-residents","status":"publish","type":"page","link":"https:\/\/ora-valencia.es\/va\/ocupacio-predictiva-per-a-residents\/","title":{"rendered":"Ocupaci\u00f3 predictiva per a residents"},"content":{"rendered":"\n<div class=\"container mx-auto px-4 py-8\">\n    <h1 class=\"text-3xl font-bold text-center mb-8 text-gray-800\" style=\"color: #5d6162; font-size: 3em; line-height: normal;\">\n OCUPACI\u00d3 PREDICTIVA<br\/>PER A RESIDENTS\n    <\/h1>\n<h2 style=\"color: #5d6162; font-size: 1em; max-width: 700px; margin: auto; text-align: center; line-height: inherit; margin-bottom: 2em;\">A continuaci\u00f3, es mostra una predicci\u00f3 sobre la <strong>probabilitat de trobar pla\u00e7a<br\/>d\u2019aparcament per a residents<\/strong> de cara al futur, des del moment actual, a 1 hora, 6<br\/>hores, 12 hores o 24 hores vista.<\/h2>\n\n    <div class=\"grid-custom-maps\">\n        \n        <div class=\"map-card\">\n            <div class=\"map-header\">\n                <h2 class=\"map-title\">\n PREVISI\u00d3 D\u2019AC\u00cd A 1 H\n                <\/h2>\n            <\/div>\n            <div class=\"iframe-container\">\n                <iframe frameborder=\"0\" scrolling=\"no\" allowfullscreen=\"\" src=\"https:\/\/geoportal.valencia.es\/portal\/apps\/webappviewer\/index.html?id=3a302533ea51497f9a2af6b723cc9495&#038;extent=-46038.8082%2C4786849.7541%2C-36866.3649%2C4791049.0134%2C102100&#038;showLayersEncoded=24ht%3Bdh1v%3Bdklv%3Bdtar%3Bd95f%3Bcqz7%3Bcw43%3Bkpye%3Bl27a%3Bkp5y%3Bkdpi%3Bl5co%3Blc2g%3Bkc48%3Bk1g8%3Bkdua%3Bkpaq%3Bl2c2%3Bkq36%3Bd00e%3Bdc9a%3Bdq32%3Be0r2%3Bex36%3Bexhe%3Be70i%3Be8zm%3Bej9e%3Bfk02%3Bfp4y%3Bfakg%3Bex4w%3Bexj4%3Be728%3Be91c%3Bejb4%3Bfk1s%3Bfp6o%3Bfam6%3Bex6m%3Bexku%3Be73y%3Be932%3Bejcu%3Bfk3i%3Bfp8e%3Bfao4%3Bex8k%3Bexms%3Be75w%3Be950%3Bejes%3Bfk5g%3Bfpac%3Bfapm%3Bexa2%3Bexoa%3Be77e%3Be96i%3Bejga%3Bfk6y%3Bfpbu%3Bfans%3Bex88%3Bexmg%3Be75k%3Be94o%3Bejeg%3Bfk54%3Bfpa0%3Bfame%3Bex6u%3Bexl2%3Be746%3Be93a%3Bjpci%3Bk1le%3Bkc9e%3Blc7m%3Bkc4m%3Blc2u%3Bl5d2%3Bkpy0%3Bejd2%3Bfk3q%3Bfp8m%3Bfah8%3Bex1o%3Bexfw%3Be6z0%3Be8y4%3Bej7w%3Bfjyk%3Bfp3g%3Bfaia%3Bex2q%3Bexgy%3Be702%3Be8z6%3Bej8y%3Bfjzm%3Bfp4i%3B66zm%3B5qea%3B5uqq%3B6ew2%3B6kte%3B6rxe%3B7v1e%3B7xsy%3B66zg%3B5qe4%3B5uqk%3B6evw%3B6kt8%3B6rx8%3B7v18%3B7xss%3B66xq%3B5qce%3B5uou%3B6eu6%3B6kri%3B6rvi%3B7uzi%3B7xr2%3B66xs%3B5qcg%3B5uow%3B6eu8%3B6krk%3B6rvk%3B7uzk%3B7xr4%3B66u2%3B5q8q%3B5ul6%3B6eqi%3B6knu%3B6rru%3B7uvu%3B7xne%3B66uc%3B5q90%3B5ulg%3B6eqs%3B6ko4%3B6rs4%3B7uw4%3B7xno%3B66w6%3B5qau%3B5una%3B6esm%3B6kpy%3B6rtk%3B7uxk%3B7xp4%3B670y%3B5qgc%3B5uss%3B6ey4%3B6kvg%3B6rzg%3B7v3g%3B7xv0%3Bg9nm%3Bgq8y%3Bgmoy%3Bg1r6%3Bfwma%3Bfpia%3Bellu%3Bejmq%3Bg9ng%3Bg1r0%3Bfwm4%3Bfjks%3Bfpi4%3Bejmk%3Bg9lq%3Bgdy6%3Bgq72%3Bg1pa%3Bfwke%3Bfjj2%3Beljy%3Bejku%3Bg9ls%3Bgq74%3Bgmn4%3Bg1pc%3Bfjj4%3Bfpgg%3Belk0%3Bg9i2%3Bgdui%3Bgq3e%3Bg1lm%3Bfwgq%3Bfjfe%3Belga%3Bejh6%3Bg9ic%3Bgq3o%3Bgmjo%3Bg1lw%3Bfjfo%3Bfpd0%3Belgk%3Bg9k6%3Bgdwm%3Bgq5i%3B6zuw%3B6cy0%3B6p6w%3Bftq6%3Bfrcu%3B5yfg%3B7oj4%3B6bhu%3B5z8y%3B6zzm%3B6pbm\"><\/iframe>\n            <\/div>\n        <\/div>\n\n        <div class=\"map-card\">\n            <div class=\"map-header\">\n                <h2 class=\"map-title\">\n PREVISI\u00d3 D\u2019AC\u00cd A 6 H\n                <\/h2>\n            <\/div>\n            <div class=\"iframe-container\">\n                <iframe frameborder=\"0\" scrolling=\"no\" allowfullscreen=\"\" src=\"https:\/\/geoportal.valencia.es\/portal\/apps\/webappviewer\/index.html?id=3a302533ea51497f9a2af6b723cc9495&#038;extent=-46038.8082%2C4786849.7541%2C-36866.3649%2C4791049.0134%2C102100&#038;showLayersEncoded=1fry%3Bdh1v%3Bdklv%3Bdtar%3Bd95f%3Bcqz7%3Bcw43%3Bkpye%3Bl27a%3Bkp5y%3Bkdpi%3Bl5co%3Blc2g%3Bkc48%3Bk1g8%3Bkdua%3Bkpaq%3Bl2c2%3Bkq36%3Bd00e%3Bdc9a%3Bdq32%3Be0r2%3Bex36%3Bexhe%3Be70i%3Be8zm%3Bej9e%3Bfk02%3Bfp4y%3Bfakg%3Bex4w%3Bexj4%3Be728%3Be91c%3Bejb4%3Bfk1s%3Bfp6o%3Bfam6%3Bex6m%3Bexku%3Be73y%3Be932%3Bejcu%3Bfk3i%3Bfp8e%3Bfao4%3Bex8k%3Bexms%3Be75w%3Be950%3Bejes%3Bfk5g%3Bfpac%3Bfapm%3Bexa2%3Bexoa%3Be77e%3Be96i%3Bejga%3Bfk6y%3Bfpbu%3Bfans%3Bex88%3Bexmg%3Be75k%3Be94o%3Bejeg%3Bfk54%3Bfpa0%3Bfame%3Bex6u%3Bexl2%3Be746%3Be93a%3Bjpci%3Bk1le%3Bkc9e%3Blc7m%3Bkc4m%3Blc2u%3Bl5d2%3Bkpy0%3Bejd2%3Bfk3q%3Bfp8m%3Bfah8%3Bex1o%3Bexfw%3Be6z0%3Be8y4%3Bej7w%3Bfjyk%3Bfp3g%3Bfaia%3Bex2q%3Bexgy%3Be702%3Be8z6%3Bej8y%3Bfjzm%3Bfp4i%3B66zm%3B5qea%3B5uqq%3B6ew2%3B6kte%3B6rxe%3B7v1e%3B7xsy%3B66zg%3B5qe4%3B5uqk%3B6evw%3B6kt8%3B6rx8%3B7v18%3B7xss%3B66xq%3B5qce%3B5uou%3B6eu6%3B6kri%3B6rvi%3B7uzi%3B7xr2%3B66xs%3B5qcg%3B5uow%3B6eu8%3B6krk%3B6rvk%3B7uzk%3B7xr4%3B66u2%3B5q8q%3B5ul6%3B6eqi%3B6knu%3B6rru%3B7uvu%3B7xne%3B66uc%3B5q90%3B5ulg%3B6eqs%3B6ko4%3B6rs4%3B7uw4%3B7xno%3B66w6%3B5qau%3B5una%3B6esm%3B6kpy%3B6rtk%3B7uxk%3B7xp4%3B670y%3B5qgc%3B5uss%3B6ey4%3B6kvg%3B6rzg%3B7v3g%3B7xv0%3Bg9nm%3Bgq8y%3Bgmoy%3Bg1r6%3Bfwma%3Bfpia%3Bellu%3Bejmq%3Bg9ng%3Bg1r0%3Bfwm4%3Bfjks%3Bfpi4%3Bejmk%3Bg9lq%3Bgdy6%3Bgq72%3Bg1pa%3Bfwke%3Bfjj2%3Beljy%3Bejku%3Bg9ls%3Bgq74%3Bgmn4%3Bg1pc%3Bfjj4%3Bfpgg%3Belk0%3Bg9i2%3Bgdui%3Bgq3e%3Bg1lm%3Bfwgq%3Bfjfe%3Belga%3Bejh6%3Bg9ic%3Bgq3o%3Bgmjo%3Bg1lw%3Bfjfo%3Bfpd0%3Belgk%3Bg9k6%3Bgdwm%3Bgq5i%3B6zuw%3B6cy0%3B6p6w%3Bftq6%3Bfrcu%3B5yfg%3B7oj4%3B6bhu%3B5z8y%3B6zzm%3B6pbm\"><\/iframe>\n            <\/div>\n        <\/div>\n\n        <div class=\"map-card\">\n            <div class=\"map-header\">\n                <h2 class=\"map-title\">\n PREVISI\u00d3 D\u2019AC\u00cd A 12 H\n                <\/h2>\n            <\/div>\n            <div class=\"iframe-container\">\n                <iframe frameborder=\"0\" scrolling=\"no\" allowfullscreen=\"\" src=\"https:\/\/geoportal.valencia.es\/portal\/apps\/webappviewer\/index.html?id=3a302533ea51497f9a2af6b723cc9495&#038;extent=-46038.8082%2C4786849.7541%2C-36866.3649%2C4791049.0134%2C102100&#038;showLayersEncoded=85uf%3Bdh1v%3Bdklv%3Bdtar%3Bd95f%3Bcqz7%3Bcw43%3Bkpye%3Bl27a%3Bkp5y%3Bkdpi%3Bl5co%3Blc2g%3Bkc48%3Bk1g8%3Bkdua%3Bkpaq%3Bl2c2%3Bkq36%3Bd00e%3Bdc9a%3Bdq32%3Be0r2%3Bex36%3Bexhe%3Be70i%3Be8zm%3Bej9e%3Bfk02%3Bfp4y%3Bfakg%3Bex4w%3Bexj4%3Be728%3Be91c%3Bejb4%3Bfk1s%3Bfp6o%3Bfam6%3Bex6m%3Bexku%3Be73y%3Be932%3Bejcu%3Bfk3i%3Bfp8e%3Bfao4%3Bex8k%3Bexms%3Be75w%3Be950%3Bejes%3Bfk5g%3Bfpac%3Bfapm%3Bexa2%3Bexoa%3Be77e%3Be96i%3Bejga%3Bfk6y%3Bfpbu%3Bfans%3Bex88%3Bexmg%3Be75k%3Be94o%3Bejeg%3Bfk54%3Bfpa0%3Bfame%3Bex6u%3Bexl2%3Be746%3Be93a%3Bjpci%3Bk1le%3Bkc9e%3Blc7m%3Bkc4m%3Blc2u%3Bl5d2%3Bkpy0%3Bejd2%3Bfk3q%3Bfp8m%3Bfah8%3Bex1o%3Bexfw%3Be6z0%3Be8y4%3Bej7w%3Bfjyk%3Bfp3g%3Bfaia%3Bex2q%3Bexgy%3Be702%3Be8z6%3Bej8y%3Bfjzm%3Bfp4i%3B66zm%3B5qea%3B5uqq%3B6ew2%3B6kte%3B6rxe%3B7v1e%3B7xsy%3B66zg%3B5qe4%3B5uqk%3B6evw%3B6kt8%3B6rx8%3B7v18%3B7xss%3B66xq%3B5qce%3B5uou%3B6eu6%3B6kri%3B6rvi%3B7uzi%3B7xr2%3B66xs%3B5qcg%3B5uow%3B6eu8%3B6krk%3B6rvk%3B7uzk%3B7xr4%3B66u2%3B5q8q%3B5ul6%3B6eqi%3B6knu%3B6rru%3B7uvu%3B7xne%3B66uc%3B5q90%3B5ulg%3B6eqs%3B6ko4%3B6rs4%3B7uw4%3B7xno%3B66w6%3B5qau%3B5una%3B6esm%3B6kpy%3B6rtk%3B7uxk%3B7xp4%3B670y%3B5qgc%3B5uss%3B6ey4%3B6kvg%3B6rzg%3B7v3g%3B7xv0%3Bg9nm%3Bgq8y%3Bgmoy%3Bg1r6%3Bfwma%3Bfpia%3Bellu%3Bejmq%3Bg9ng%3Bg1r0%3Bfwm4%3Bfjks%3Bfpi4%3Bejmk%3Bg9lq%3Bgdy6%3Bgq72%3Bg1pa%3Bfwke%3Bfjj2%3Beljy%3Bejku%3Bg9ls%3Bgq74%3Bgmn4%3Bg1pc%3Bfjj4%3Bfpgg%3Belk0%3Bg9i2%3Bgdui%3Bgq3e%3Bg1lm%3Bfwgq%3Bfjfe%3Belga%3Bejh6%3Bg9ic%3Bgq3o%3Bgmjo%3Bg1lw%3Bfjfo%3Bfpd0%3Belgk%3Bg9k6%3Bgdwm%3Bgq5i%3B6zuw%3B6cy0%3B6p6w%3Bftq6%3Bfrcu%3B5yfg%3B7oj4%3B6bhu%3B5z8y%3B6zzm%3B6pbm\"><\/iframe>\n            <\/div>\n        <\/div>\n\n        <div class=\"map-card\">\n            <div class=\"map-header\">\n                <h2 class=\"map-title\">\n PREVISI\u00d3 D\u2019AC\u00cd A 24 H\n                <\/h2>\n            <\/div>\n            <div class=\"iframe-container\">\n                <iframe frameborder=\"0\" scrolling=\"no\" allowfullscreen=\"\" src=\"https:\/\/geoportal.valencia.es\/portal\/apps\/webappviewer\/index.html?id=3a302533ea51497f9a2af6b723cc9495&#038;extent=-46038.8082%2C4786849.7541%2C-36866.3649%2C4791049.0134%2C102100&#038;showLayersEncoded=lfjq%3Bdh1v%3Bdklv%3Bdtar%3Bd95f%3Bcqz7%3Bcw43%3Bkpye%3Bl27a%3Bkp5y%3Bkdpi%3Bl5co%3Blc2g%3Bkc48%3Bk1g8%3Bkdua%3Bkpaq%3Bl2c2%3Bkq36%3Bd00e%3Bdc9a%3Bdq32%3Be0r2%3Bex36%3Bexhe%3Be70i%3Be8zm%3Bej9e%3Bfk02%3Bfp4y%3Bfakg%3Bex4w%3Bexj4%3Be728%3Be91c%3Bejb4%3Bfk1s%3Bfp6o%3Bfam6%3Bex6m%3Bexku%3Be73y%3Be932%3Bejcu%3Bfk3i%3Bfp8e%3Bfao4%3Bex8k%3Bexms%3Be75w%3Be950%3Bejes%3Bfk5g%3Bfpac%3Bfapm%3Bexa2%3Bexoa%3Be77e%3Be96i%3Bejga%3Bfk6y%3Bfpbu%3Bfans%3Bex88%3Bexmg%3Be75k%3Be94o%3Bejeg%3Bfk54%3Bfpa0%3Bfame%3Bex6u%3Bexl2%3Be746%3Be93a%3Bjpci%3Bk1le%3Bkc9e%3Blc7m%3Bkc4m%3Blc2u%3Bl5d2%3Bkpy0%3Bejd2%3Bfk3q%3Bfp8m%3Bfah8%3Bex1o%3Bexfw%3Be6z0%3Be8y4%3Bej7w%3Bfjyk%3Bfp3g%3Bfaia%3Bex2q%3Bexgy%3Be702%3Be8z6%3Bej8y%3Bfjzm%3Bfp4i%3B66zm%3B5qea%3B5uqq%3B6ew2%3B6kte%3B6rxe%3B7v1e%3B7xsy%3B66zg%3B5qe4%3B5uqk%3B6evw%3B6kt8%3B6rx8%3B7v18%3B7xss%3B66xq%3B5qce%3B5uou%3B6eu6%3B6kri%3B6rvi%3B7uzi%3B7xr2%3B66xs%3B5qcg%3B5uow%3B6eu8%3B6krk%3B6rvk%3B7uzk%3B7xr4%3B66u2%3B5q8q%3B5ul6%3B6eqi%3B6knu%3B6rru%3B7uvu%3B7xne%3B66uc%3B5q90%3B5ulg%3B6eqs%3B6ko4%3B6rs4%3B7uw4%3B7xno%3B66w6%3B5qau%3B5una%3B6esm%3B6kpy%3B6rtk%3B7uxk%3B7xp4%3B670y%3B5qgc%3B5uss%3B6ey4%3B6kvg%3B6rzg%3B7v3g%3B7xv0%3Bg9nm%3Bgq8y%3Bgmoy%3Bg1r6%3Bfwma%3Bfpia%3Bellu%3Bejmq%3Bg9ng%3Bg1r0%3Bfwm4%3Bfjks%3Bfpi4%3Bejmk%3Bg9lq%3Bgdy6%3Bgq72%3Bg1pa%3Bfwke%3Bfjj2%3Beljy%3Bejku%3Bg9ls%3Bgq74%3Bgmn4%3Bg1pc%3Bfjj4%3Bfpgg%3Belk0%3Bg9i2%3Bgdui%3Bgq3e%3Bg1lm%3Bfwgq%3Bfjfe%3Belga%3Bejh6%3Bg9ic%3Bgq3o%3Bgmjo%3Bg1lw%3Bfjfo%3Bfpd0%3Belgk%3Bg9k6%3Bgdwm%3Bgq5i%3B6zuw%3B6cy0%3B6p6w%3Bftq6%3Bfrcu%3B5yfg%3B7oj4%3B6bhu%3B5z8y%3B6zzm%3B6pbm\"><\/iframe>\n            <\/div>\n        <\/div>\n        \n    <\/div>\n<\/div>\n","protected":false},"excerpt":{"rendered":"<p>OCUPACI\u00d3 PREDICTIVAPER A RESIDENTS A continuaci\u00f3, es mostra una predicci\u00f3 sobre la probabilitat de trobar pla\u00e7ad\u2019aparcament per a residents de cara al futur, des del moment actual, a 1 hora, 6hores, 12 hores o 24 hores vista. PREVISI\u00d3 D\u2019AC\u00cd A 1 H PREVISI\u00d3 D\u2019AC\u00cd A 6 H PREVISI\u00d3 D\u2019AC\u00cd A 12 H PREVISI\u00d3 D\u2019AC\u00cd A [&hellip;]<\/p>\n","protected":false},"author":2,"featured_media":0,"parent":0,"menu_order":0,"comment_status":"closed","ping_status":"closed","template":"","meta":{"footnotes":""},"class_list":["post-295","page","type-page","status-publish","hentry"],"_links":{"self":[{"href":"https:\/\/ora-valencia.es\/va\/wp-json\/wp\/v2\/pages\/295","targetHints":{"allow":["GET"]}}],"collection":[{"href":"https:\/\/ora-valencia.es\/va\/wp-json\/wp\/v2\/pages"}],"about":[{"href":"https:\/\/ora-valencia.es\/va\/wp-json\/wp\/v2\/types\/page"}],"author":[{"embeddable":true,"href":"https:\/\/ora-valencia.es\/va\/wp-json\/wp\/v2\/users\/2"}],"replies":[{"embeddable":true,"href":"https:\/\/ora-valencia.es\/va\/wp-json\/wp\/v2\/comments?post=295"}],"version-history":[{"count":5,"href":"https:\/\/ora-valencia.es\/va\/wp-json\/wp\/v2\/pages\/295\/revisions"}],"predecessor-version":[{"id":302,"href":"https:\/\/ora-valencia.es\/va\/wp-json\/wp\/v2\/pages\/295\/revisions\/302"}],"wp:attachment":[{"href":"https:\/\/ora-valencia.es\/va\/wp-json\/wp\/v2\/media?parent=295"}],"curies":[{"name":"wp","href":"https:\/\/api.w.org\/{rel}","templated":true}]}}